{"id":2270,"date":"2013-04-01T20:49:40","date_gmt":"2013-04-01T20:49:40","guid":{"rendered":"http:\/\/www.kriesi.at\/themes\/enfold\/?page_id=755"},"modified":"2025-10-13T12:28:00","modified_gmt":"2025-10-13T10:28:00","slug":"portfolio","status":"publish","type":"page","link":"https:\/\/www.omtrading.sk\/?page_id=2270","title":{"rendered":"Portfolio"},"content":{"rendered":"<div class=\"flex_column av_one_full  flex_column_div first  avia-builder-el-0  avia-builder-el-no-sibling  \" ><section class=\"av_textblock_section \"  itemscope=\"itemscope\" itemtype=\"https:\/\/schema.org\/CreativeWork\" ><div class='avia_textblock  '   itemprop=\"text\" ><h4>OM Trading, s.r.o.<\/h4>\n<h1><strong>Portf\u00f3lio produktov<\/strong><\/h1>\n<\/div><\/section><br \/>\n<div class=\"av-portfolio-grid-sorting-container\"><div class='sort_width_container  av-sort-yes' data-portfolio-id='1' ><div id='js_sort_items' ><div class='sort_by_cat  '><a href=\"#\" data-filter=\"all_sort\" class=\"all_sort_button active_sort\"><span class=\"inner_sort_button\"><span>V\u0161etko<\/span><small class=\"av-cat-count\"> 12 <\/small><\/span><\/a><span class='text-sep dopravnikove-pasy_sort_sep'>\/<\/span><a href=\"#\" data-filter=\"dopravnikove-pasy_sort\" class=\"dopravnikove-pasy_sort_button\" ><span class=\"inner_sort_button\"><span>Dopravn\u00edkov\u00e9 p\u00e1sy<\/span><small class='av-cat-count'> 1 <\/small><\/span><\/a><span class='text-sep gufera-remene-o-kruzky_sort_sep'>\/<\/span><a href=\"#\" data-filter=\"gufera-remene-o-kruzky_sort\" class=\"gufera-remene-o-kruzky_sort_button\" ><span class=\"inner_sort_button\"><span>Gufer\u00e1 - Remene - O-kr\u00fa\u017eky<\/span><small class='av-cat-count'> 1 <\/small><\/span><\/a><span class='text-sep gulicky-valceky_sort_sep'>\/<\/span><a href=\"#\" data-filter=\"gulicky-valceky_sort\" class=\"gulicky-valceky_sort_button\" ><span class=\"inner_sort_button\"><span>Guli\u010dky - Val\u010deky<\/span><small class='av-cat-count'> 1 <\/small><\/span><\/a><span class='text-sep linearne-vedenia_sort_sep'>\/<\/span><a href=\"#\" data-filter=\"linearne-vedenia_sort\" class=\"linearne-vedenia_sort_button\" ><span class=\"inner_sort_button\"><span>Line\u00e1rne vedenia<\/span><small class='av-cat-count'> 1 <\/small><\/span><\/a><span class='text-sep loziska-a-prislusenstvo_sort_sep'>\/<\/span><a href=\"#\" data-filter=\"loziska-a-prislusenstvo_sort\" class=\"loziska-a-prislusenstvo_sort_button\" ><span class=\"inner_sort_button\"><span>Lo\u017eisk\u00e1 a pr\u00edslu\u0161enstvo<\/span><small class='av-cat-count'> 1 <\/small><\/span><\/a><span class='text-sep maziva-oleje-lepidla_sort_sep'>\/<\/span><a href=\"#\" data-filter=\"maziva-oleje-lepidla_sort\" class=\"maziva-oleje-lepidla_sort_button\" ><span class=\"inner_sort_button\"><span>Maziv\u00e1 - Oleje - Lepidl\u00e1<\/span><small class='av-cat-count'> 1 <\/small><\/span><\/a><span class='text-sep omtrading-portfolio_sort_sep'>\/<\/span><a href=\"#\" data-filter=\"omtrading-portfolio_sort\" class=\"omtrading-portfolio_sort_button\" ><span class=\"inner_sort_button\"><span>Omtrading Portf\u00f3lio<\/span><small class='av-cat-count'> 12 <\/small><\/span><\/a><span class='text-sep priemyselne-sita_sort_sep'>\/<\/span><a href=\"#\" data-filter=\"priemyselne-sita_sort\" class=\"priemyselne-sita_sort_button\" ><span class=\"inner_sort_button\"><span>Priemyseln\u00e9 sit\u00e1<\/span><small class='av-cat-count'> 1 <\/small><\/span><\/a><span class='text-sep valcekove-retaze_sort_sep'>\/<\/span><a href=\"#\" data-filter=\"valcekove-retaze_sort\" class=\"valcekove-retaze_sort_button\" ><span class=\"inner_sort_button\"><span>Val\u010dekov\u00e9 re\u0165aze<\/span><small class='av-cat-count'> 1 <\/small><\/span><\/a><\/div><\/div><\/div><div class=' grid-sort-container isotope   no_margin-container with-title-container grid-total-even grid-col-4 grid-links-' data-portfolio-id='1'><div data-ajax-id='10674' class=' grid-entry flex_column isotope-item all_sort no_margin post-entry post-entry-10674 grid-entry-overview grid-loop-1 grid-parity-odd  gulicky-valceky_sort omtrading-portfolio_sort  av_one_fourth first default_av_fullwidth '><article class='main_color inner-entry'  itemscope=\"itemscope\" itemtype=\"https:\/\/schema.org\/CreativeWork\" ><a href='https:\/\/www.omtrading.sk\/?portfolio=gulicky-valceky' title='GULI\u010cKY \/ VAL\u010cEKY'  data-rel='grid-1' class='grid-image avia-hover-fx'><img loading=\"lazy\" decoding=\"async\" width=\"260\" height=\"185\" src=\"https:\/\/www.omtrading.sk\/wp-content\/uploads\/2023\/06\/1200x1200-gulicky-valceky-260x185.jpg\" class=\"attachment-portfolio_small size-portfolio_small wp-post-image\" alt=\"\" \/><\/a><div class='grid-content'><div class='avia-arrow'><\/div><header class=\"entry-content-header\"><h3 class='grid-entry-title entry-title'  itemprop=\"headline\" ><a href='https:\/\/www.omtrading.sk\/?portfolio=gulicky-valceky' title='GULI\u010cKY \/ VAL\u010cEKY'>GULI\u010cKY \/ VAL\u010cEKY<\/a><\/h3><\/header><\/div><footer class=\"entry-footer\"><\/footer><\/article><\/div><div data-ajax-id='10671' class=' grid-entry flex_column isotope-item all_sort no_margin post-entry post-entry-10671 grid-entry-overview grid-loop-2 grid-parity-even  omtrading-portfolio_sort  av_one_fourth  default_av_fullwidth '><article class='main_color inner-entry'  itemscope=\"itemscope\" itemtype=\"https:\/\/schema.org\/CreativeWork\" ><a href='https:\/\/www.omtrading.sk\/?portfolio=loziska-omt' title='LO\u017dISK\u00c1 OMT'  data-rel='grid-1' class='grid-image avia-hover-fx'><img loading=\"lazy\" decoding=\"async\" width=\"260\" height=\"185\" src=\"https:\/\/www.omtrading.sk\/wp-content\/uploads\/2023\/06\/1200x1200-omt-loziska-260x185.jpg\" class=\"attachment-portfolio_small size-portfolio_small wp-post-image\" alt=\"\" \/><\/a><div class='grid-content'><div class='avia-arrow'><\/div><header class=\"entry-content-header\"><h3 class='grid-entry-title entry-title'  itemprop=\"headline\" ><a href='https:\/\/www.omtrading.sk\/?portfolio=loziska-omt' title='LO\u017dISK\u00c1 OMT'>LO\u017dISK\u00c1 OMT<\/a><\/h3><\/header><\/div><footer class=\"entry-footer\"><\/footer><\/article><\/div><div data-ajax-id='10662' class=' grid-entry flex_column isotope-item all_sort no_margin post-entry post-entry-10662 grid-entry-overview grid-loop-3 grid-parity-odd  omtrading-portfolio_sort  av_one_fourth  default_av_fullwidth '><article class='main_color inner-entry'  itemscope=\"itemscope\" itemtype=\"https:\/\/schema.org\/CreativeWork\" ><a href='https:\/\/www.omtrading.sk\/?portfolio=stahovaky-lozisk' title='S\u0164AHOV\u00c1KY LO\u017d\u00cdSK'  data-rel='grid-1' class='grid-image avia-hover-fx'><img loading=\"lazy\" decoding=\"async\" width=\"260\" height=\"185\" src=\"https:\/\/www.omtrading.sk\/wp-content\/uploads\/2023\/06\/1200x1200-stahovak-lozisk-260x185.jpg\" class=\"attachment-portfolio_small size-portfolio_small wp-post-image\" alt=\"\" \/><\/a><div class='grid-content'><div class='avia-arrow'><\/div><header class=\"entry-content-header\"><h3 class='grid-entry-title entry-title'  itemprop=\"headline\" ><a href='https:\/\/www.omtrading.sk\/?portfolio=stahovaky-lozisk' title='S\u0164AHOV\u00c1KY LO\u017d\u00cdSK'>S\u0164AHOV\u00c1KY LO\u017d\u00cdSK<\/a><\/h3><\/header><\/div><footer class=\"entry-footer\"><\/footer><\/article><\/div><div data-ajax-id='10659' class=' grid-entry flex_column isotope-item all_sort no_margin post-entry post-entry-10659 grid-entry-overview grid-loop-4 grid-parity-even  omtrading-portfolio_sort  av_one_fourth  default_av_fullwidth '><article class='main_color inner-entry'  itemscope=\"itemscope\" itemtype=\"https:\/\/schema.org\/CreativeWork\" ><a href='https:\/\/www.omtrading.sk\/?portfolio=loziskove-domce' title='LO\u017dISKOV\u00c9 DOMCE'  data-rel='grid-1' class='grid-image avia-hover-fx'><img loading=\"lazy\" decoding=\"async\" width=\"260\" height=\"185\" src=\"https:\/\/www.omtrading.sk\/wp-content\/uploads\/2023\/06\/1200x1200-loziskove-domce-260x185.jpg\" class=\"attachment-portfolio_small size-portfolio_small wp-post-image\" alt=\"\" \/><\/a><div class='grid-content'><div class='avia-arrow'><\/div><header class=\"entry-content-header\"><h3 class='grid-entry-title entry-title'  itemprop=\"headline\" ><a href='https:\/\/www.omtrading.sk\/?portfolio=loziskove-domce' title='LO\u017dISKOV\u00c9 DOMCE'>LO\u017dISKOV\u00c9 DOMCE<\/a><\/h3><\/header><\/div><footer class=\"entry-footer\"><\/footer><\/article><\/div><div data-ajax-id='10654' class=' grid-entry flex_column isotope-item all_sort no_margin post-entry post-entry-10654 grid-entry-overview grid-loop-5 grid-parity-odd  dopravnikove-pasy_sort omtrading-portfolio_sort  av_one_fourth first default_av_fullwidth '><article class='main_color inner-entry'  itemscope=\"itemscope\" itemtype=\"https:\/\/schema.org\/CreativeWork\" ><a href='https:\/\/www.omtrading.sk\/?portfolio=dopravnikove-pasy' title='DOPRAVN\u00cdKOV\u00c9 P\u00c1SY'  data-rel='grid-1' class='grid-image avia-hover-fx'><img loading=\"lazy\" decoding=\"async\" width=\"260\" height=\"185\" src=\"https:\/\/www.omtrading.sk\/wp-content\/uploads\/2023\/06\/pas-2025-3-260x185.png\" class=\"attachment-portfolio_small size-portfolio_small wp-post-image\" alt=\"\" \/><\/a><div class='grid-content'><div class='avia-arrow'><\/div><header class=\"entry-content-header\"><h3 class='grid-entry-title entry-title'  itemprop=\"headline\" ><a href='https:\/\/www.omtrading.sk\/?portfolio=dopravnikove-pasy' title='DOPRAVN\u00cdKOV\u00c9 P\u00c1SY'>DOPRAVN\u00cdKOV\u00c9 P\u00c1SY<\/a><\/h3><\/header><\/div><footer class=\"entry-footer\"><\/footer><\/article><\/div><div data-ajax-id='10651' class=' grid-entry flex_column isotope-item all_sort no_margin post-entry post-entry-10651 grid-entry-overview grid-loop-6 grid-parity-even  linearne-vedenia_sort omtrading-portfolio_sort  av_one_fourth  default_av_fullwidth '><article class='main_color inner-entry'  itemscope=\"itemscope\" itemtype=\"https:\/\/schema.org\/CreativeWork\" ><a href='https:\/\/www.omtrading.sk\/?portfolio=linearne-vedenia' title='LINE\u00c1RNE VEDENIA'  data-rel='grid-1' class='grid-image avia-hover-fx'><img loading=\"lazy\" decoding=\"async\" width=\"260\" height=\"185\" src=\"https:\/\/www.omtrading.sk\/wp-content\/uploads\/2023\/06\/1200x1200-linerane-vedenia-260x185.jpg\" class=\"attachment-portfolio_small size-portfolio_small wp-post-image\" alt=\"\" \/><\/a><div class='grid-content'><div class='avia-arrow'><\/div><header class=\"entry-content-header\"><h3 class='grid-entry-title entry-title'  itemprop=\"headline\" ><a href='https:\/\/www.omtrading.sk\/?portfolio=linearne-vedenia' title='LINE\u00c1RNE VEDENIA'>LINE\u00c1RNE VEDENIA<\/a><\/h3><\/header><\/div><footer class=\"entry-footer\"><\/footer><\/article><\/div><div data-ajax-id='3288' class=' grid-entry flex_column isotope-item all_sort no_margin post-entry post-entry-3288 grid-entry-overview grid-loop-7 grid-parity-odd  gufera-remene-o-kruzky_sort omtrading-portfolio_sort  av_one_fourth  default_av_fullwidth '><article class='main_color inner-entry'  itemscope=\"itemscope\" itemtype=\"https:\/\/schema.org\/CreativeWork\" ><a href='https:\/\/www.omtrading.sk\/?portfolio=gufera-remene' title='GUFER\u00c1 \/ REMENE \/ O-KR\u00da\u017dKY'  data-rel='grid-1' class='grid-image avia-hover-fx'><img loading=\"lazy\" decoding=\"async\" width=\"260\" height=\"185\" src=\"https:\/\/www.omtrading.sk\/wp-content\/uploads\/2022\/11\/polyuretan-1200x1200--260x185.jpg\" class=\"attachment-portfolio_small size-portfolio_small wp-post-image\" alt=\"\" \/><\/a><div class='grid-content'><div class='avia-arrow'><\/div><header class=\"entry-content-header\"><h3 class='grid-entry-title entry-title'  itemprop=\"headline\" ><a href='https:\/\/www.omtrading.sk\/?portfolio=gufera-remene' title='GUFER\u00c1 \/ REMENE \/ O-KR\u00da\u017dKY'>GUFER\u00c1 \/ REMENE \/ O-KR\u00da\u017dKY<\/a><\/h3><\/header><\/div><footer class=\"entry-footer\"><\/footer><\/article><\/div><div data-ajax-id='3286' class=' grid-entry flex_column isotope-item all_sort no_margin post-entry post-entry-3286 grid-entry-overview grid-loop-8 grid-parity-even  omtrading-portfolio_sort valcekove-retaze_sort  av_one_fourth  default_av_fullwidth '><article class='main_color inner-entry'  itemscope=\"itemscope\" itemtype=\"https:\/\/schema.org\/CreativeWork\" ><a href='https:\/\/www.omtrading.sk\/?portfolio=valcekove-retaze' title='VAL\u010cEKOV\u00c9 RE\u0164AZE'  data-rel='grid-1' class='grid-image avia-hover-fx'><img loading=\"lazy\" decoding=\"async\" width=\"260\" height=\"185\" src=\"https:\/\/www.omtrading.sk\/wp-content\/uploads\/2022\/11\/roller-chain-2-copy-260x185.jpg\" class=\"attachment-portfolio_small size-portfolio_small wp-post-image\" alt=\"\" \/><\/a><div class='grid-content'><div class='avia-arrow'><\/div><header class=\"entry-content-header\"><h3 class='grid-entry-title entry-title'  itemprop=\"headline\" ><a href='https:\/\/www.omtrading.sk\/?portfolio=valcekove-retaze' title='VAL\u010cEKOV\u00c9 RE\u0164AZE'>VAL\u010cEKOV\u00c9 RE\u0164AZE<\/a><\/h3><\/header><\/div><footer class=\"entry-footer\"><\/footer><\/article><\/div><div data-ajax-id='3284' class=' grid-entry flex_column isotope-item all_sort no_margin post-entry post-entry-3284 grid-entry-overview grid-loop-9 grid-parity-odd  omtrading-portfolio_sort priemyselne-sita_sort  av_one_fourth first default_av_fullwidth '><article class='main_color inner-entry'  itemscope=\"itemscope\" itemtype=\"https:\/\/schema.org\/CreativeWork\" ><a href='https:\/\/www.omtrading.sk\/?portfolio=priemyselne-sita' title='PRIEMYSELN\u00c9 SIT\u00c1'  data-rel='grid-1' class='grid-image avia-hover-fx'><img loading=\"lazy\" decoding=\"async\" width=\"260\" height=\"185\" src=\"https:\/\/www.omtrading.sk\/wp-content\/uploads\/2022\/11\/sita-2025-260x185.jpg\" class=\"attachment-portfolio_small size-portfolio_small wp-post-image\" alt=\"\" \/><\/a><div class='grid-content'><div class='avia-arrow'><\/div><header class=\"entry-content-header\"><h3 class='grid-entry-title entry-title'  itemprop=\"headline\" ><a href='https:\/\/www.omtrading.sk\/?portfolio=priemyselne-sita' title='PRIEMYSELN\u00c9 SIT\u00c1'>PRIEMYSELN\u00c9 SIT\u00c1<\/a><\/h3><\/header><\/div><footer class=\"entry-footer\"><\/footer><\/article><\/div><div data-ajax-id='3275' class=' grid-entry flex_column isotope-item all_sort no_margin post-entry post-entry-3275 grid-entry-overview grid-loop-10 grid-parity-even  maziva-oleje-lepidla_sort omtrading-portfolio_sort  av_one_fourth  default_av_fullwidth '><article class='main_color inner-entry'  itemscope=\"itemscope\" itemtype=\"https:\/\/schema.org\/CreativeWork\" ><a href='https:\/\/www.omtrading.sk\/?portfolio=maziva-a-oleje' title='MAZIV\u00c1 \/ OLEJE \/ LEPIDL\u00c1'  data-rel='grid-1' class='grid-image avia-hover-fx'><img loading=\"lazy\" decoding=\"async\" width=\"260\" height=\"185\" src=\"https:\/\/www.omtrading.sk\/wp-content\/uploads\/2011\/12\/ball-bearing-stainless-with-grease-lithium-machine-2023-07-05-02-20-10-utc-260x185.jpg\" class=\"attachment-portfolio_small size-portfolio_small wp-post-image\" alt=\"\" \/><\/a><div class='grid-content'><div class='avia-arrow'><\/div><header class=\"entry-content-header\"><h3 class='grid-entry-title entry-title'  itemprop=\"headline\" ><a href='https:\/\/www.omtrading.sk\/?portfolio=maziva-a-oleje' title='MAZIV\u00c1 \/ OLEJE \/ LEPIDL\u00c1'>MAZIV\u00c1 \/ OLEJE \/ LEPIDL\u00c1<\/a><\/h3><\/header><\/div><footer class=\"entry-footer\"><\/footer><\/article><\/div><div data-ajax-id='3269' class=' grid-entry flex_column isotope-item all_sort no_margin post-entry post-entry-3269 grid-entry-overview grid-loop-11 grid-parity-odd  omtrading-portfolio_sort  av_one_fourth  default_av_fullwidth '><article class='main_color inner-entry'  itemscope=\"itemscope\" itemtype=\"https:\/\/schema.org\/CreativeWork\" ><a href='https:\/\/www.omtrading.sk\/?portfolio=valceky' title='VAL\u010cEKY A KOMPONENTY PRE DOPRAVN\u00cdKY'  data-rel='grid-1' class='grid-image avia-hover-fx'><img loading=\"lazy\" decoding=\"async\" width=\"260\" height=\"185\" src=\"https:\/\/www.omtrading.sk\/wp-content\/uploads\/2022\/11\/valce-1200x1200-1-260x185.jpg\" class=\"attachment-portfolio_small size-portfolio_small wp-post-image\" alt=\"\" \/><\/a><div class='grid-content'><div class='avia-arrow'><\/div><header class=\"entry-content-header\"><h3 class='grid-entry-title entry-title'  itemprop=\"headline\" ><a href='https:\/\/www.omtrading.sk\/?portfolio=valceky' title='VAL\u010cEKY A KOMPONENTY PRE DOPRAVN\u00cdKY'>VAL\u010cEKY A KOMPONENTY PRE DOPRAVN\u00cdKY<\/a><\/h3><\/header><\/div><footer class=\"entry-footer\"><\/footer><\/article><\/div><div data-ajax-id='46' class=' grid-entry flex_column isotope-item all_sort no_margin post-entry post-entry-46 grid-entry-overview grid-loop-12 grid-parity-even  post-entry-last  loziska-a-prislusenstvo_sort omtrading-portfolio_sort  av_one_fourth  default_av_fullwidth '><article class='main_color inner-entry'  itemscope=\"itemscope\" itemtype=\"https:\/\/schema.org\/CreativeWork\" ><a href='https:\/\/www.omtrading.sk\/?portfolio=slider-two-third' title='LO\u017dISK\u00c1 A PR\u00cdSLU\u0160ENSTVO'  data-rel='grid-1' class='grid-image avia-hover-fx'><img loading=\"lazy\" decoding=\"async\" width=\"260\" height=\"185\" src=\"https:\/\/www.omtrading.sk\/wp-content\/uploads\/2011\/12\/loziska-1200X1200-260x185.jpg\" class=\"attachment-portfolio_small size-portfolio_small wp-post-image\" alt=\"\" \/><\/a><div class='grid-content'><div class='avia-arrow'><\/div><header class=\"entry-content-header\"><h3 class='grid-entry-title entry-title'  itemprop=\"headline\" ><a href='https:\/\/www.omtrading.sk\/?portfolio=slider-two-third' title='LO\u017dISK\u00c1 A PR\u00cdSLU\u0160ENSTVO'>LO\u017dISK\u00c1 A PR\u00cdSLU\u0160ENSTVO<\/a><\/h3><\/header><\/div><footer class=\"entry-footer\"><\/footer><\/article><\/div><\/div><\/div>   <!--   class=\"av-portfolio-grid-sorting-container\"  --><\/p><\/div>\n","protected":false},"excerpt":{"rendered":"","protected":false},"author":1,"featured_media":10973,"parent":0,"menu_order":0,"comment_status":"open","ping_status":"open","template":"","meta":{"footnotes":""},"class_list":["post-2270","page","type-page","status-publish","has-post-thumbnail","hentry"],"yoast_head":"<!-- This site is optimized with the Yoast SEO plugin v20.2.1 - https:\/\/yoast.com\/wordpress\/plugins\/seo\/ -->\n<title>Portfolio - OM Trading - Lo\u017eisk\u00e1 a komponenty pre priemysel.<\/title>\n<meta name=\"robots\" content=\"index, follow, max-snippet:-1, max-image-preview:large, max-video-preview:-1\" \/>\n<link rel=\"canonical\" href=\"https:\/\/www.omtrading.sk\/?page_id=2270\" \/>\n<meta property=\"og:locale\" content=\"sk_SK\" \/>\n<meta property=\"og:type\" content=\"article\" \/>\n<meta property=\"og:title\" content=\"Portfolio - OM Trading - Lo\u017eisk\u00e1 a komponenty pre priemysel.\" \/>\n<meta property=\"og:url\" content=\"https:\/\/www.omtrading.sk\/?page_id=2270\" \/>\n<meta property=\"og:site_name\" content=\"OM Trading - Lo\u017eisk\u00e1 a komponenty pre priemysel.\" \/>\n<meta property=\"article:modified_time\" content=\"2025-10-13T10:28:00+00:00\" \/>\n<meta property=\"og:image\" content=\"https:\/\/www.omtrading.sk\/wp-content\/uploads\/2023\/06\/dvojradove-envato.jpg\" \/>\n\t<meta property=\"og:image:width\" content=\"1200\" \/>\n\t<meta property=\"og:image:height\" content=\"600\" \/>\n\t<meta property=\"og:image:type\" content=\"image\/jpeg\" \/>\n<meta name=\"twitter:card\" content=\"summary_large_image\" \/>\n<meta name=\"twitter:label1\" content=\"Predpokladan\u00fd \u010das \u010d\u00edtania\" \/>\n\t<meta name=\"twitter:data1\" content=\"1 min\u00fata\" \/>\n<script type=\"application\/ld+json\" class=\"yoast-schema-graph\">{\"@context\":\"https:\/\/schema.org\",\"@graph\":[{\"@type\":\"WebPage\",\"@id\":\"https:\/\/www.omtrading.sk\/?page_id=2270\",\"url\":\"https:\/\/www.omtrading.sk\/?page_id=2270\",\"name\":\"Portfolio - OM Trading - Lo\u017eisk\u00e1 a komponenty pre priemysel.\",\"isPartOf\":{\"@id\":\"https:\/\/www.omtrading.sk\/#website\"},\"datePublished\":\"2013-04-01T20:49:40+00:00\",\"dateModified\":\"2025-10-13T10:28:00+00:00\",\"inLanguage\":\"sk-SK\",\"potentialAction\":[{\"@type\":\"ReadAction\",\"target\":[\"https:\/\/www.omtrading.sk\/?page_id=2270\"]}]},{\"@type\":\"WebSite\",\"@id\":\"https:\/\/www.omtrading.sk\/#website\",\"url\":\"https:\/\/www.omtrading.sk\/\",\"name\":\"OM Trading - Lo\u017eisk\u00e1 a komponenty pre priemysel.\",\"description\":\"\",\"potentialAction\":[{\"@type\":\"SearchAction\",\"target\":{\"@type\":\"EntryPoint\",\"urlTemplate\":\"https:\/\/www.omtrading.sk\/?s={search_term_string}\"},\"query-input\":\"required name=search_term_string\"}],\"inLanguage\":\"sk-SK\"}]}<\/script>\n<!-- \/ Yoast SEO plugin. -->","yoast_head_json":{"title":"Portfolio - OM Trading - Lo\u017eisk\u00e1 a komponenty pre priemysel.","robots":{"index":"index","follow":"follow","max-snippet":"max-snippet:-1","max-image-preview":"max-image-preview:large","max-video-preview":"max-video-preview:-1"},"canonical":"https:\/\/www.omtrading.sk\/?page_id=2270","og_locale":"sk_SK","og_type":"article","og_title":"Portfolio - OM Trading - Lo\u017eisk\u00e1 a komponenty pre priemysel.","og_url":"https:\/\/www.omtrading.sk\/?page_id=2270","og_site_name":"OM Trading - Lo\u017eisk\u00e1 a komponenty pre priemysel.","article_modified_time":"2025-10-13T10:28:00+00:00","og_image":[{"width":1200,"height":600,"url":"https:\/\/www.omtrading.sk\/wp-content\/uploads\/2023\/06\/dvojradove-envato.jpg","type":"image\/jpeg"}],"twitter_card":"summary_large_image","twitter_misc":{"Predpokladan\u00fd \u010das \u010d\u00edtania":"1 min\u00fata"},"schema":{"@context":"https:\/\/schema.org","@graph":[{"@type":"WebPage","@id":"https:\/\/www.omtrading.sk\/?page_id=2270","url":"https:\/\/www.omtrading.sk\/?page_id=2270","name":"Portfolio - OM Trading - Lo\u017eisk\u00e1 a komponenty pre priemysel.","isPartOf":{"@id":"https:\/\/www.omtrading.sk\/#website"},"datePublished":"2013-04-01T20:49:40+00:00","dateModified":"2025-10-13T10:28:00+00:00","inLanguage":"sk-SK","potentialAction":[{"@type":"ReadAction","target":["https:\/\/www.omtrading.sk\/?page_id=2270"]}]},{"@type":"WebSite","@id":"https:\/\/www.omtrading.sk\/#website","url":"https:\/\/www.omtrading.sk\/","name":"OM Trading - Lo\u017eisk\u00e1 a komponenty pre priemysel.","description":"","potentialAction":[{"@type":"SearchAction","target":{"@type":"EntryPoint","urlTemplate":"https:\/\/www.omtrading.sk\/?s={search_term_string}"},"query-input":"required name=search_term_string"}],"inLanguage":"sk-SK"}]}},"_links":{"self":[{"href":"https:\/\/www.omtrading.sk\/index.php?rest_route=\/wp\/v2\/pages\/2270","targetHints":{"allow":["GET"]}}],"collection":[{"href":"https:\/\/www.omtrading.sk\/index.php?rest_route=\/wp\/v2\/pages"}],"about":[{"href":"https:\/\/www.omtrading.sk\/index.php?rest_route=\/wp\/v2\/types\/page"}],"author":[{"embeddable":true,"href":"https:\/\/www.omtrading.sk\/index.php?rest_route=\/wp\/v2\/users\/1"}],"replies":[{"embeddable":true,"href":"https:\/\/www.omtrading.sk\/index.php?rest_route=%2Fwp%2Fv2%2Fcomments&post=2270"}],"version-history":[{"count":4,"href":"https:\/\/www.omtrading.sk\/index.php?rest_route=\/wp\/v2\/pages\/2270\/revisions"}],"predecessor-version":[{"id":11094,"href":"https:\/\/www.omtrading.sk\/index.php?rest_route=\/wp\/v2\/pages\/2270\/revisions\/11094"}],"wp:featuredmedia":[{"embeddable":true,"href":"https:\/\/www.omtrading.sk\/index.php?rest_route=\/wp\/v2\/media\/10973"}],"wp:attachment":[{"href":"https:\/\/www.omtrading.sk\/index.php?rest_route=%2Fwp%2Fv2%2Fmedia&parent=2270"}],"curies":[{"name":"wp","href":"https:\/\/api.w.org\/{rel}","templated":true}]}}