{"id":1167,"date":"2013-04-05T13:33:38","date_gmt":"2013-04-05T13:33:38","guid":{"rendered":"http:\/\/www.kriesi.at\/themes\/enfold\/?page_id=1167"},"modified":"2025-10-13T12:30:55","modified_gmt":"2025-10-13T10:30:55","slug":"kontakt","status":"publish","type":"page","link":"https:\/\/www.omtrading.sk\/?page_id=1167","title":{"rendered":"Kontakt"},"content":{"rendered":"<div id='layer_slider_1' class='avia-layerslider main_color avia-shadow  avia-builder-el-0  el_before_av_section  avia-builder-el-first  container_wrap fullsize' style='  height: 501px;' ><\/div>\n<div id='av_section_1' class='avia-section main_color avia-section-default avia-no-border-styling avia-bg-style-scroll  avia-builder-el-1  el_after_av_layerslider  el_before_av_one_full   container_wrap fullsize' style='background-color: #013d7d;  '  ><div class='av-section-color-overlay-wrap'><a href='#next-section' title='' class='scroll-down-link '  aria-hidden='true' data-av_icon='\ue877' data-av_iconfont='entypo-fontello'><\/a><div class='container' ><div class='template-page content  av-content-full alpha units'><div class='post-entry post-entry-type-page post-entry-1167'><div class='entry-content-wrapper clearfix'>\n<div class=\"flex_column av_one_full  flex_column_div av-zero-column-padding first  avia-builder-el-2  el_before_av_one_third  avia-builder-el-first  \" style='border-radius:0px; '><div style='padding-bottom:10px; color:#ffffff;' class='av-special-heading av-special-heading-h1 custom-color-heading blockquote modern-quote modern-centered  avia-builder-el-3  avia-builder-el-no-sibling   '><h1 class='av-special-heading-tag '  itemprop=\"headline\"  >KONTAKT<\/h1><div class='special-heading-border'><div class='special-heading-inner-border' style='border-color:#ffffff'><\/div><\/div><\/div><\/div><div class=\"flex_column av_one_third  flex_column_div av-zero-column-padding first  avia-builder-el-4  el_after_av_one_full  el_before_av_one_third  column-top-margin\" style='border-radius:0px; '><section class=\"av_textblock_section \"  itemscope=\"itemscope\" itemtype=\"https:\/\/schema.org\/CreativeWork\" ><div class='avia_textblock  av_inherit_color '  style='color:#ffffff; '  itemprop=\"text\" ><h3 class=\"col-sm-12 col-md-6 col-lg-6\">OM Trading, s.r.o.<\/h3>\n<h3 class=\"col-sm-12 col-md-6 col-lg-6\">Byt\u010dick\u00e1 89<\/h3>\n<h3 class=\"col-sm-12 col-md-6 col-lg-6\">01011 \u017dilina<\/h3>\n<h3 class=\"col-sm-12 col-md-6 col-lg-6\">Slovensko<\/h3>\n<\/div><\/section><\/div><div class=\"flex_column av_one_third  flex_column_div av-zero-column-padding   avia-builder-el-6  el_after_av_one_third  el_before_av_one_third  column-top-margin\" style='border-radius:0px; '><p><article class=\"iconbox iconbox_left    avia-builder-el-7  el_before_av_icon_box  avia-builder-el-first  \"  itemscope=\"itemscope\" itemtype=\"https:\/\/schema.org\/CreativeWork\" ><div class=\"iconbox_content\"><header class=\"entry-content-header\"><div class=\"iconbox_icon heading-color \" aria-hidden='true' data-av_icon='\ue805' data-av_iconfont='entypo-fontello'  style='background-color:#ffffff; color:#013d7d; ' ><\/div><h3 class='iconbox_content_title '  itemprop=\"headline\"   style='color:#ffffff; '><a href='mailto:mailto:omtrading@omtrading.sk' title='omtrading@omtrading.sk'  target=\"_blank\"  >omtrading@omtrading.sk<\/a><\/h3><\/header><div class='iconbox_content_container av_inherit_color '  itemprop=\"text\"   style='color:#ffffff; '><\/div><\/div><footer class=\"entry-footer\"><\/footer><\/article><br \/>\n<article class=\"iconbox iconbox_left    avia-builder-el-8  el_after_av_icon_box  el_before_av_icon_box  \"  itemscope=\"itemscope\" itemtype=\"https:\/\/schema.org\/CreativeWork\" ><div class=\"iconbox_content\"><header class=\"entry-content-header\"><div class=\"iconbox_icon heading-color \" aria-hidden='true' data-av_icon='\ue8ac' data-av_iconfont='entypo-fontello'  style='background-color:#ffffff; color:#013d7d; ' ><\/div><h3 class='iconbox_content_title '  itemprop=\"headline\"   style='color:#ffffff; '><a href='tel:+421910800580' title='+421 910 800 580'  target=\"_blank\"  >+421 910 800 580<\/a><\/h3><\/header><div class='iconbox_content_container av_inherit_color '  itemprop=\"text\"   style='color:#ffffff; '><\/div><\/div><footer class=\"entry-footer\"><\/footer><\/article><br \/>\n<article class=\"iconbox iconbox_left    avia-builder-el-9  el_after_av_icon_box  avia-builder-el-last  \"  itemscope=\"itemscope\" itemtype=\"https:\/\/schema.org\/CreativeWork\" ><div class=\"iconbox_content\"><header class=\"entry-content-header\"><div class=\"iconbox_icon heading-color \" aria-hidden='true' data-av_icon='\ue854' data-av_iconfont='entypo-fontello'  style='background-color:#ffffff; color:#013d7d; ' ><\/div><h3 class='iconbox_content_title '  itemprop=\"headline\"   style='color:#ffffff; '><a href='tel:+421417003176' title='+421 (41) 700 3176'  target=\"_blank\"  >+421 (41) 700 3176<\/a><\/h3><\/header><div class='iconbox_content_container av_inherit_color '  itemprop=\"text\"   style='color:#ffffff; '><\/div><\/div><footer class=\"entry-footer\"><\/footer><\/article><\/p><\/div><div class=\"flex_column av_one_third  flex_column_div av-zero-column-padding   avia-builder-el-10  el_after_av_one_third  avia-builder-el-last  column-top-margin\" style='border-radius:0px; '><div class='avia-image-container  av-styling-    avia-builder-el-11  avia-builder-el-no-sibling  avia-align-center '  itemprop=\"image\" itemscope=\"itemscope\" itemtype=\"https:\/\/schema.org\/ImageObject\"  ><div class='avia-image-container-inner'><div class='avia-image-overlay-wrap'><a href='https:\/\/www.omtrading.sk\/?page_id=11017' class='avia_image'  ><img class='avia_image ' src='https:\/\/www.omtrading.sk\/wp-content\/uploads\/2025\/01\/certificates-small.png' alt='' title='certificates-small'  itemprop=\"thumbnailUrl\"  \/><\/a><\/div><\/div><\/div><\/div><\/div><\/div><\/div><!-- close content main div --><\/div><\/div><\/div><div id='after_section_1' class='main_color av_default_container_wrap container_wrap fullsize' style=' '  ><div class='container' ><div class='template-page content  av-content-full alpha units'><div class='post-entry post-entry-type-page post-entry-1167'><div class='entry-content-wrapper clearfix'><div class=\"flex_column av_one_full  flex_column_div av-zero-column-padding first  avia-builder-el-12  el_after_av_section  el_before_av_one_fourth  avia-builder-el-first  \" style='border-radius:0px; '><div style='padding-bottom:10px; color:#013d7d;' class='av-special-heading av-special-heading-h2 custom-color-heading blockquote modern-quote  avia-builder-el-13  avia-builder-el-no-sibling  '><h2 class='av-special-heading-tag '  itemprop=\"headline\"  >N\u00c1\u0160 T\u00cdM<\/h2><div class='special-heading-border'><div class='special-heading-inner-border' style='border-color:#013d7d'><\/div><\/div><\/div><\/div><\/p>\n<div class=\"flex_column av_one_fourth  flex_column_div av-zero-column-padding first  avia-builder-el-14  el_after_av_one_full  el_before_av_one_fourth  column-top-margin\" style='border-radius:0px; '><section class=\"av_textblock_section \"  itemscope=\"itemscope\" itemtype=\"https:\/\/schema.org\/CreativeWork\" ><div class='avia_textblock  '   itemprop=\"text\" ><h3><span class=\"litchi-s1\">Milo\u0161 ORAVEC<\/span><\/h3>\n<h4><span class=\"litchi-s2\">konate\u013e<\/span><\/h4>\n<p>+421 903 508 580<br \/>\n+421 41 700 3177<br \/>\n<a href=\"mailto:oravec@omtrading.sk\">oravec@omtrading.sk<\/a><\/p>\n<\/div><\/section><\/div>\n<div class=\"flex_column av_one_fourth  flex_column_div av-zero-column-padding   avia-builder-el-16  el_after_av_one_fourth  el_before_av_one_fourth  column-top-margin\" style='border-radius:0px; '><section class=\"av_textblock_section \"  itemscope=\"itemscope\" itemtype=\"https:\/\/schema.org\/CreativeWork\" ><div class='avia_textblock  '   itemprop=\"text\" ><h3><span class=\"litchi-s1\">J\u00e1n KYSU\u010cAN<\/span><\/h3>\n<h4><span class=\"litchi-s2\">obchodn\u00fd \u00fasek, zahrani\u010dn\u00fd obchod<\/span><\/h4>\n<p>+421 903 700 581<br \/>\n+421 41 723 1093<br \/>\n<a href=\"mailto:kysucan@omtrading.sk\">kysucan@omtrading.sk<\/a><\/p>\n<\/div><\/section><\/div>\n<div class=\"flex_column av_one_fourth  flex_column_div av-zero-column-padding   avia-builder-el-18  el_after_av_one_fourth  el_before_av_one_fourth  column-top-margin\" style='border-radius:0px; '><section class=\"av_textblock_section \"  itemscope=\"itemscope\" itemtype=\"https:\/\/schema.org\/CreativeWork\" ><div class='avia_textblock  '   itemprop=\"text\" ><h3><span class=\"litchi-s1\">\u013dubom\u00edr MAZ\u00daR<\/span><\/h3>\n<h4><span class=\"litchi-s2\">obchodn\u00fd \u00fasek, zahrani\u010dn\u00fd obchod<\/span><\/h4>\n<p>+421 911 508 580<br \/>\n+421 41 700 3176<br \/>\n<a href=\"mailto:mazur@omtrading.sk\">mazur@omtrading.sk<\/a><\/p>\n<\/div><\/section><\/div>\n<div class=\"flex_column av_one_fourth  flex_column_div av-zero-column-padding   avia-builder-el-20  el_after_av_one_fourth  el_before_av_one_fourth  column-top-margin\" style='border-radius:0px; '><section class=\"av_textblock_section \"  itemscope=\"itemscope\" itemtype=\"https:\/\/schema.org\/CreativeWork\" ><div class='avia_textblock  '   itemprop=\"text\" ><h3><span class=\"litchi-s1\">Maciej Klimczyk<\/span><\/h3>\n<h4><span class=\"litchi-s2\">Country manager &#8211; POLAND<\/span><\/h4>\n<p>+48 667 933 399<br \/>\n+421 41 700 3176<br \/>\n<a href=\"mailto:klimczyk@omtrading.sk\">klimczyk@omtrading.sk<\/a><\/p>\n<\/div><\/section><\/div>\n<div class=\"flex_column av_one_fourth  flex_column_div av-zero-column-padding first  avia-builder-el-22  el_after_av_one_fourth  el_before_av_one_fourth  column-top-margin\" style='border-radius:0px; '><section class=\"av_textblock_section \"  itemscope=\"itemscope\" itemtype=\"https:\/\/schema.org\/CreativeWork\" ><div class='avia_textblock  '   itemprop=\"text\" ><h3><span class=\"litchi-s1\">Peter GA\u0160PIERIK<br \/>\nAlb\u00edn KORTI\u0160<\/span><\/h3>\n<h4><span class=\"litchi-s2\">skladov\u00e9 hospod\u00e1rstvo<\/span><\/h4>\n<p>+421 911 508 581<\/p>\n<\/div><\/section><\/div>\n<div class=\"flex_column av_one_fourth  flex_column_div av-zero-column-padding   avia-builder-el-24  el_after_av_one_fourth  el_before_av_one_fourth  column-top-margin\" style='border-radius:0px; '><section class=\"av_textblock_section \"  itemscope=\"itemscope\" itemtype=\"https:\/\/schema.org\/CreativeWork\" ><div class='avia_textblock  '   itemprop=\"text\" ><h3><span class=\"litchi-s1\">M\u00e1ria ORAVCOV\u00c1<\/span><\/h3>\n<h4><span class=\"litchi-s2\">ekonomick\u00fd \u00fasek<\/span><\/h4>\n<p>+421 903 568 580<br \/>\n+421 41 7232 836<br \/>\n<a href=\"mailto:oravcova@omtrading.sk\">oravcova@omtrading.sk<\/a><\/p>\n<\/div><\/section><\/div>\n<div class=\"flex_column av_one_fourth  flex_column_div av-zero-column-padding   avia-builder-el-26  el_after_av_one_fourth  el_before_av_one_fourth  column-top-margin\" style='border-radius:0px; '><section class=\"av_textblock_section \"  itemscope=\"itemscope\" itemtype=\"https:\/\/schema.org\/CreativeWork\" ><div class='avia_textblock  '   itemprop=\"text\" ><h3><span class=\"litchi-s1\">Miroslava I\u0160TV\u00c1NIKOV\u00c1<\/span><\/h3>\n<h4><span class=\"litchi-s2\">ekonomick\u00fd \u00fasek<\/span><\/h4>\n<p>+421 41 7232 836<br \/>\n<a href=\"mailto:istvanikova@omtrading.sk\">istvanikova@omtrading.sk<\/a><\/p>\n<\/div><\/section><\/div>\n<div class=\"flex_column av_one_fourth  flex_column_div av-zero-column-padding   avia-builder-el-28  el_after_av_one_fourth  el_before_av_one_full  column-top-margin\" style='border-radius:0px; '><\/div>\n<div class=\"flex_column av_one_full  flex_column_div first  avia-builder-el-29  el_after_av_one_fourth  avia-builder-el-last  column-top-margin\" ><p><div style='padding-bottom:10px; ' class='av-special-heading av-special-heading-h3 meta-heading   avia-builder-el-30  el_before_av_textblock  avia-builder-el-first   '><h3 class='av-special-heading-tag '  itemprop=\"headline\"  >Po\u0161lite n\u00e1m spr\u00e1vu<\/h3><div class='special-heading-border'><div class='special-heading-inner-border' ><\/div><\/div><\/div><br \/>\n<section class=\"av_textblock_section \"  itemscope=\"itemscope\" itemtype=\"https:\/\/schema.org\/CreativeWork\" ><div class='avia_textblock  '   itemprop=\"text\" >\n<div class=\"wpcf7 no-js\" id=\"wpcf7-f10997-o1\" lang=\"sk-SK\" dir=\"ltr\">\n<div class=\"screen-reader-response\"><p role=\"status\" aria-live=\"polite\" aria-atomic=\"true\"><\/p> <ul><\/ul><\/div>\n<form action=\"\/index.php?rest_route=%2Fwp%2Fv2%2Fpages%2F1167#wpcf7-f10997-o1\" method=\"post\" class=\"wpcf7-form init\" aria-label=\"Contact form\" novalidate=\"novalidate\" data-status=\"init\">\n<div style=\"display: none;\">\n<input type=\"hidden\" name=\"_wpcf7\" value=\"10997\" \/>\n<input type=\"hidden\" name=\"_wpcf7_version\" value=\"5.7.4\" \/>\n<input type=\"hidden\" name=\"_wpcf7_locale\" value=\"sk_SK\" \/>\n<input type=\"hidden\" name=\"_wpcf7_unit_tag\" value=\"wpcf7-f10997-o1\" \/>\n<input type=\"hidden\" name=\"_wpcf7_container_post\" value=\"0\" \/>\n<input type=\"hidden\" name=\"_wpcf7_posted_data_hash\" value=\"\" \/>\n<input type=\"hidden\" name=\"_wpcf7_recaptcha_response\" value=\"\" \/>\n<\/div>\n<p><label> Va\u0161e meno a priezvisko<span style=\"color:#e60000; font-weight:700;\" aria-hidden=\"true\">*<\/span><br \/>\n<span class=\"wpcf7-form-control-wrap\" data-name=\"your-name\"><input size=\"40\" class=\"wpcf7-form-control wpcf7-text wpcf7-validates-as-required\" autocomplete=\"name\" aria-required=\"true\" aria-invalid=\"false\" value=\"\" type=\"text\" name=\"your-name\" \/><\/span> <\/label>\n<\/p>\n<p><label> V\u00e1\u0161 email<span style=\"color:#e60000; font-weight:700;\" aria-hidden=\"true\">*<\/span><br \/>\n<span class=\"wpcf7-form-control-wrap\" data-name=\"your-email\"><input size=\"40\" class=\"wpcf7-form-control wpcf7-text wpcf7-email wpcf7-validates-as-required wpcf7-validates-as-email\" autocomplete=\"email\" aria-required=\"true\" aria-invalid=\"false\" value=\"\" type=\"email\" name=\"your-email\" \/><\/span> <\/label>\n<\/p>\n<p><label> Telef\u00f3n<span style=\"color:#e60000; font-weight:700;\" aria-hidden=\"true\">*<\/span><br \/>\n<span class=\"wpcf7-form-control-wrap\" data-name=\"tel-544\"><input size=\"40\" class=\"wpcf7-form-control wpcf7-text wpcf7-tel wpcf7-validates-as-tel\" aria-invalid=\"false\" value=\"\" type=\"tel\" name=\"tel-544\" \/><\/span> <\/label>\n<\/p>\n<p><label> Va\u0161a spr\u00e1va<br \/>\n<span class=\"wpcf7-form-control-wrap\" data-name=\"your-message\"><textarea cols=\"40\" rows=\"10\" class=\"wpcf7-form-control wpcf7-textarea\" aria-invalid=\"false\" name=\"your-message\"><\/textarea><\/span> <\/label>\n<\/p>\n<p><input class=\"wpcf7-form-control has-spinner wpcf7-submit\" type=\"submit\" value=\"Odosla\u0165\" \/>\n<\/p><div class=\"wpcf7-response-output\" aria-hidden=\"true\"><\/div>\n<\/form>\n<\/div>\n\n<\/div><\/section><\/p><\/div>\n","protected":false},"excerpt":{"rendered":"","protected":false},"author":1,"featured_media":3262,"parent":1122,"menu_order":0,"comment_status":"open","ping_status":"open","template":"","meta":{"footnotes":""},"class_list":["post-1167","page","type-page","status-publish","has-post-thumbnail","hentry"],"yoast_head":"<!-- This site is optimized with the Yoast SEO plugin v20.2.1 - https:\/\/yoast.com\/wordpress\/plugins\/seo\/ -->\n<title>Kontakt - OM Trading - Lo\u017eisk\u00e1 a komponenty pre priemysel.<\/title>\n<meta name=\"robots\" content=\"index, follow, max-snippet:-1, max-image-preview:large, max-video-preview:-1\" \/>\n<link rel=\"canonical\" href=\"https:\/\/www.omtrading.sk\/?page_id=1167\" \/>\n<meta property=\"og:locale\" content=\"sk_SK\" \/>\n<meta property=\"og:type\" content=\"article\" \/>\n<meta property=\"og:title\" content=\"Kontakt - OM Trading - Lo\u017eisk\u00e1 a komponenty pre priemysel.\" \/>\n<meta property=\"og:url\" content=\"https:\/\/www.omtrading.sk\/?page_id=1167\" \/>\n<meta property=\"og:site_name\" content=\"OM Trading - Lo\u017eisk\u00e1 a komponenty pre priemysel.\" \/>\n<meta property=\"article:modified_time\" content=\"2025-10-13T10:30:55+00:00\" \/>\n<meta property=\"og:image\" content=\"https:\/\/www.omtrading.sk\/wp-content\/uploads\/2011\/12\/loziska-1200X1200.jpg\" \/>\n\t<meta property=\"og:image:width\" content=\"1200\" \/>\n\t<meta property=\"og:image:height\" content=\"1200\" \/>\n\t<meta property=\"og:image:type\" content=\"image\/jpeg\" \/>\n<meta name=\"twitter:card\" content=\"summary_large_image\" \/>\n<meta name=\"twitter:label1\" content=\"Predpokladan\u00fd \u010das \u010d\u00edtania\" \/>\n\t<meta name=\"twitter:data1\" content=\"5 min\u00fat\" \/>\n<script type=\"application\/ld+json\" class=\"yoast-schema-graph\">{\"@context\":\"https:\/\/schema.org\",\"@graph\":[{\"@type\":\"WebPage\",\"@id\":\"https:\/\/www.omtrading.sk\/?page_id=1167\",\"url\":\"https:\/\/www.omtrading.sk\/?page_id=1167\",\"name\":\"Kontakt - OM Trading - Lo\u017eisk\u00e1 a komponenty pre priemysel.\",\"isPartOf\":{\"@id\":\"https:\/\/www.omtrading.sk\/#website\"},\"datePublished\":\"2013-04-05T13:33:38+00:00\",\"dateModified\":\"2025-10-13T10:30:55+00:00\",\"breadcrumb\":{\"@id\":\"https:\/\/www.omtrading.sk\/?page_id=1167#breadcrumb\"},\"inLanguage\":\"sk-SK\",\"potentialAction\":[{\"@type\":\"ReadAction\",\"target\":[\"https:\/\/www.omtrading.sk\/?page_id=1167\"]}]},{\"@type\":\"BreadcrumbList\",\"@id\":\"https:\/\/www.omtrading.sk\/?page_id=1167#breadcrumb\",\"itemListElement\":[{\"@type\":\"ListItem\",\"position\":1,\"name\":\"Pages\",\"item\":\"https:\/\/www.omtrading.sk\/?page_id=1122\"},{\"@type\":\"ListItem\",\"position\":2,\"name\":\"Kontakt\"}]},{\"@type\":\"WebSite\",\"@id\":\"https:\/\/www.omtrading.sk\/#website\",\"url\":\"https:\/\/www.omtrading.sk\/\",\"name\":\"OM Trading - Lo\u017eisk\u00e1 a komponenty pre priemysel.\",\"description\":\"\",\"potentialAction\":[{\"@type\":\"SearchAction\",\"target\":{\"@type\":\"EntryPoint\",\"urlTemplate\":\"https:\/\/www.omtrading.sk\/?s={search_term_string}\"},\"query-input\":\"required name=search_term_string\"}],\"inLanguage\":\"sk-SK\"}]}<\/script>\n<!-- \/ Yoast SEO plugin. -->","yoast_head_json":{"title":"Kontakt - OM Trading - Lo\u017eisk\u00e1 a komponenty pre priemysel.","robots":{"index":"index","follow":"follow","max-snippet":"max-snippet:-1","max-image-preview":"max-image-preview:large","max-video-preview":"max-video-preview:-1"},"canonical":"https:\/\/www.omtrading.sk\/?page_id=1167","og_locale":"sk_SK","og_type":"article","og_title":"Kontakt - OM Trading - Lo\u017eisk\u00e1 a komponenty pre priemysel.","og_url":"https:\/\/www.omtrading.sk\/?page_id=1167","og_site_name":"OM Trading - Lo\u017eisk\u00e1 a komponenty pre priemysel.","article_modified_time":"2025-10-13T10:30:55+00:00","og_image":[{"width":1200,"height":1200,"url":"https:\/\/www.omtrading.sk\/wp-content\/uploads\/2011\/12\/loziska-1200X1200.jpg","type":"image\/jpeg"}],"twitter_card":"summary_large_image","twitter_misc":{"Predpokladan\u00fd \u010das \u010d\u00edtania":"5 min\u00fat"},"schema":{"@context":"https:\/\/schema.org","@graph":[{"@type":"WebPage","@id":"https:\/\/www.omtrading.sk\/?page_id=1167","url":"https:\/\/www.omtrading.sk\/?page_id=1167","name":"Kontakt - OM Trading - Lo\u017eisk\u00e1 a komponenty pre priemysel.","isPartOf":{"@id":"https:\/\/www.omtrading.sk\/#website"},"datePublished":"2013-04-05T13:33:38+00:00","dateModified":"2025-10-13T10:30:55+00:00","breadcrumb":{"@id":"https:\/\/www.omtrading.sk\/?page_id=1167#breadcrumb"},"inLanguage":"sk-SK","potentialAction":[{"@type":"ReadAction","target":["https:\/\/www.omtrading.sk\/?page_id=1167"]}]},{"@type":"BreadcrumbList","@id":"https:\/\/www.omtrading.sk\/?page_id=1167#breadcrumb","itemListElement":[{"@type":"ListItem","position":1,"name":"Pages","item":"https:\/\/www.omtrading.sk\/?page_id=1122"},{"@type":"ListItem","position":2,"name":"Kontakt"}]},{"@type":"WebSite","@id":"https:\/\/www.omtrading.sk\/#website","url":"https:\/\/www.omtrading.sk\/","name":"OM Trading - Lo\u017eisk\u00e1 a komponenty pre priemysel.","description":"","potentialAction":[{"@type":"SearchAction","target":{"@type":"EntryPoint","urlTemplate":"https:\/\/www.omtrading.sk\/?s={search_term_string}"},"query-input":"required name=search_term_string"}],"inLanguage":"sk-SK"}]}},"_links":{"self":[{"href":"https:\/\/www.omtrading.sk\/index.php?rest_route=\/wp\/v2\/pages\/1167","targetHints":{"allow":["GET"]}}],"collection":[{"href":"https:\/\/www.omtrading.sk\/index.php?rest_route=\/wp\/v2\/pages"}],"about":[{"href":"https:\/\/www.omtrading.sk\/index.php?rest_route=\/wp\/v2\/types\/page"}],"author":[{"embeddable":true,"href":"https:\/\/www.omtrading.sk\/index.php?rest_route=\/wp\/v2\/users\/1"}],"replies":[{"embeddable":true,"href":"https:\/\/www.omtrading.sk\/index.php?rest_route=%2Fwp%2Fv2%2Fcomments&post=1167"}],"version-history":[{"count":6,"href":"https:\/\/www.omtrading.sk\/index.php?rest_route=\/wp\/v2\/pages\/1167\/revisions"}],"predecessor-version":[{"id":11099,"href":"https:\/\/www.omtrading.sk\/index.php?rest_route=\/wp\/v2\/pages\/1167\/revisions\/11099"}],"up":[{"embeddable":true,"href":"https:\/\/www.omtrading.sk\/index.php?rest_route=\/wp\/v2\/pages\/1122"}],"wp:featuredmedia":[{"embeddable":true,"href":"https:\/\/www.omtrading.sk\/index.php?rest_route=\/wp\/v2\/media\/3262"}],"wp:attachment":[{"href":"https:\/\/www.omtrading.sk\/index.php?rest_route=%2Fwp%2Fv2%2Fmedia&parent=1167"}],"curies":[{"name":"wp","href":"https:\/\/api.w.org\/{rel}","templated":true}]}}