{"id":11038,"date":"2025-06-11T05:50:48","date_gmt":"2025-06-11T03:50:48","guid":{"rendered":"https:\/\/www.omtrading.sk\/?page_id=11038"},"modified":"2025-06-12T05:06:44","modified_gmt":"2025-06-12T03:06:44","slug":"review-2","status":"publish","type":"page","link":"https:\/\/www.omtrading.sk\/?page_id=11038","title":{"rendered":"Review"},"content":{"rendered":"<div class=\"flex_column av_one_full  flex_column_div av-zero-column-padding first  avia-builder-el-0  el_before_av_one_fifth  avia-builder-el-first  \" style='border-radius:0px; '><section class=\"av_textblock_section \"  itemscope=\"itemscope\" itemtype=\"https:\/\/schema.org\/CreativeWork\" ><div class='avia_textblock  '   itemprop=\"text\" ><h1 style=\"text-align: center;\">Ohodno\u0165te n\u00e1s<\/h1>\n<p style=\"text-align: center;\">Neust\u00e1le pracujeme na zlep\u0161ovan\u00ed na\u0161ich slu\u017eieb. Zauj\u00edma n\u00e1s V\u00e1\u0161 n\u00e1zor a vopred \u010fakujeme za Va\u0161u recenziu.<\/p>\n<\/div><\/section><\/div><div class=\"flex_column av_one_fifth  flex_column_div av-zero-column-padding first  avia-builder-el-2  el_after_av_one_full  el_before_av_three_fifth  column-top-margin\" style='border-radius:0px; '><\/div><\/p>\n<div class=\"flex_column av_three_fifth  flex_column_div av-zero-column-padding   avia-builder-el-3  el_after_av_one_fifth  el_before_av_one_fifth  column-top-margin\" style='border-radius:0px; '><section class=\"av_textblock_section \"  itemscope=\"itemscope\" itemtype=\"https:\/\/schema.org\/CreativeWork\" ><div class='avia_textblock  '   itemprop=\"text\" ><noscript class=\"ninja-forms-noscript-message\">\n\tNotice: JavaScript is required for this content.<\/noscript>\n<div id=\"nf-form-2-cont\" class=\"nf-form-cont\" aria-live=\"polite\" aria-labelledby=\"nf-form-title-2\" aria-describedby=\"nf-form-errors-2\" role=\"form\">\n\n    <div class=\"nf-loading-spinner\"><\/div>\n\n<\/div>\n        <!-- That data is being printed as a workaround to page builders reordering the order of the scripts loaded-->\n        <script>var formDisplay=1;var nfForms=nfForms||[];var form=[];form.id='2';form.settings={\"objectType\":\"Form Setting\",\"editActive\":true,\"title\":\"Feedback\",\"created_at\":\"2025-06-11 05:40:45\",\"form_title\":\"Feedback\",\"default_label_pos\":\"above\",\"show_title\":\"0\",\"clear_complete\":\"1\",\"hide_complete\":1,\"logged_in\":\"0\",\"wrapper_class\":\"\",\"element_class\":\"\",\"key\":\"\",\"add_submit\":\"1\",\"currency\":\"\",\"unique_field_error\":\"Formul\\u00e1r s touto e-mailovou adresou u\\u017e bol odoslan\\u00fd.\",\"not_logged_in_msg\":\"\",\"sub_limit_msg\":\"Formul\\u00e1r dosiahol po\\u010det odoslan\\u00ed.\",\"calculations\":[],\"formContentData\":[\"meno_a_priezvisko_1749613553699\",\"email_1523909158972\",\"ako_ste_spokojni_s_komunikaciou_nasich_zamestnancov_1749613362878\",\"ako_ste_spokojni_s_kvalitou_nasich_vyrobkov_a_sluzieb_1749613421772\",\"ako_ste_spokojni_s_dodacimi_terminmi_1749613477372\",\"ako_ste_spokojni_s_cenami_1749613498401\",\"vasa_recenzia_1749613537834\",\"odoslat_1749697383542\"],\"drawerDisabled\":false,\"allow_public_link\":0,\"public_link\":\"https:\\\/\\\/www.omtrading.sk\\\/ninja-forms\\\/2cciw\",\"embed_form\":\"\",\"form_title_heading_level\":\"3\",\"public_link_key\":\"2cciw\",\"objectDomain\":\"restrictions\",\"changeEmailErrorMsg\":\"Pros\\u00edm, vlo\\u017ete spr\\u00e1vnu e-mailov\\u00fa adresu.\",\"changeDateErrorMsg\":\"Please enter a valid date!\",\"confirmFieldErrorMsg\":\"These fields must match!\",\"fieldNumberNumMinError\":\"Number Min Error\",\"fieldNumberNumMaxError\":\"Number Max Error\",\"fieldNumberIncrementBy\":\"Please increment by \",\"formErrorsCorrectErrors\":\"Please correct errors before submitting this form.\",\"validateRequiredField\":\"Toto pole je povinn\\u00e9.\",\"honeypotHoneypotError\":\"Honeypot Error\",\"fieldsMarkedRequired\":\"Polia ozna\\u010den\\u00e9 * s\\u00fa povinn\\u00e9.\",\"unique_field\":\"email_1523909158972\",\"sub_limit_number\":\"\",\"ninjaForms\":\"Ninja Forms\",\"fieldTextareaRTEInsertLink\":\"Insert Link\",\"fieldTextareaRTEInsertMedia\":\"Insert Media\",\"fieldTextareaRTESelectAFile\":\"Select a file\",\"formHoneypot\":\"If you are a human seeing this field, please leave it empty.\",\"fileUploadOldCodeFileUploadInProgress\":\"File Upload in Progress.\",\"fileUploadOldCodeFileUpload\":\"FILE UPLOAD\",\"currencySymbol\":\"&euro;\",\"thousands_sep\":\"&nbsp;\",\"decimal_point\":\",\",\"siteLocale\":\"sk_SK\",\"dateFormat\":\"m\\\/d\\\/Y\",\"startOfWeek\":\"1\",\"of\":\"of\",\"previousMonth\":\"Previous Month\",\"nextMonth\":\"Next Month\",\"months\":[\"January\",\"February\",\"March\",\"April\",\"May\",\"June\",\"July\",\"August\",\"September\",\"October\",\"November\",\"December\"],\"monthsShort\":[\"Jan\",\"Feb\",\"Mar\",\"Apr\",\"May\",\"Jun\",\"Jul\",\"Aug\",\"Sep\",\"Oct\",\"Nov\",\"Dec\"],\"weekdays\":[\"Sunday\",\"Monday\",\"Tuesday\",\"Wednesday\",\"Thursday\",\"Friday\",\"Saturday\"],\"weekdaysShort\":[\"Sun\",\"Mon\",\"Tue\",\"Wed\",\"Thu\",\"Fri\",\"Sat\"],\"weekdaysMin\":[\"Su\",\"Mo\",\"Tu\",\"We\",\"Th\",\"Fr\",\"Sa\"],\"recaptchaConsentMissing\":\"reCaptcha validation couldn&#039;t load.\",\"recaptchaMissingCookie\":\"reCaptcha v3 validation couldn&#039;t load the cookie needed to submit the form.\",\"recaptchaConsentEvent\":\"Accept reCaptcha cookies before sending the form.\",\"currency_symbol\":\"\",\"beforeForm\":\"\",\"beforeFields\":\"\",\"afterFields\":\"\",\"afterForm\":\"\"};form.fields=[{\"objectType\":\"Field\",\"objectDomain\":\"fields\",\"editActive\":false,\"order\":2,\"idAttribute\":\"id\",\"type\":\"lastname\",\"label\":\"Meno a priezvisko\",\"key\":\"meno_a_priezvisko_1749613553699\",\"label_pos\":\"above\",\"required\":\"\",\"default\":\"\",\"placeholder\":\"\",\"container_class\":\"one-half second\",\"element_class\":\"\",\"admin_label\":\"\",\"help_text\":\"\",\"custom_name_attribute\":\"lname\",\"field_label\":\"Last Name\",\"field_key\":\"lastname_1523909157368\",\"personally_identifiable\":1,\"value\":\"\",\"drawerDisabled\":false,\"id\":6,\"beforeField\":\"\",\"afterField\":\"\",\"parentType\":\"lastname\",\"element_templates\":[\"lastname\",\"input\"],\"old_classname\":\"\",\"wrap_template\":\"wrap\"},{\"objectType\":\"Field\",\"objectDomain\":\"fields\",\"editActive\":false,\"order\":3,\"idAttribute\":\"id\",\"type\":\"email\",\"label\":\"Email\",\"key\":\"email_1523909158972\",\"label_pos\":\"above\",\"required\":1,\"default\":\"\",\"placeholder\":\"\",\"container_class\":\"\",\"element_class\":\"\",\"admin_label\":\"\",\"help_text\":\"\",\"custom_name_attribute\":\"email\",\"field_label\":\"Email\",\"field_key\":\"email_1523909158972\",\"personally_identifiable\":1,\"value\":\"\",\"id\":7,\"beforeField\":\"\",\"afterField\":\"\",\"parentType\":\"email\",\"element_templates\":[\"email\",\"input\"],\"old_classname\":\"\",\"wrap_template\":\"wrap\"},{\"objectType\":\"Field\",\"objectDomain\":\"fields\",\"editActive\":false,\"order\":4,\"idAttribute\":\"id\",\"label\":\"Ako ste spokojn\\u00ed s komunik\\u00e1ciou na\\u0161ich zamestnancov?\",\"type\":\"starrating\",\"label_pos\":\"above\",\"default\":\"\",\"number_of_stars\":5,\"required\":1,\"container_class\":\"\",\"element_class\":\"\",\"key\":\"ako_ste_spokojni_s_komunikaciou_nasich_zamestnancov_1749613362878\",\"admin_label\":\"\",\"value\":\"\",\"drawerDisabled\":false,\"id\":12,\"beforeField\":\"\",\"afterField\":\"\",\"parentType\":\"starrating\",\"element_templates\":[\"starrating\",\"input\"],\"old_classname\":\"\",\"wrap_template\":\"wrap\"},{\"objectType\":\"Field\",\"objectDomain\":\"fields\",\"editActive\":false,\"order\":5,\"idAttribute\":\"id\",\"label\":\"Ako ste spokojn\\u00ed s kvalitou na\\u0161ich v\\u00fdrobkov a slu\\u017eieb?\",\"type\":\"starrating\",\"label_pos\":\"above\",\"default\":\"\",\"number_of_stars\":5,\"required\":1,\"container_class\":\"\",\"element_class\":\"\",\"key\":\"ako_ste_spokojni_s_kvalitou_nasich_vyrobkov_a_sluzieb_1749613421772\",\"admin_label\":\"\",\"value\":\"\",\"drawerDisabled\":false,\"id\":13,\"beforeField\":\"\",\"afterField\":\"\",\"parentType\":\"starrating\",\"element_templates\":[\"starrating\",\"input\"],\"old_classname\":\"\",\"wrap_template\":\"wrap\"},{\"objectType\":\"Field\",\"objectDomain\":\"fields\",\"editActive\":false,\"order\":5,\"idAttribute\":\"id\",\"label\":\"Ako ste spokojn\\u00ed s dodac\\u00edmi term\\u00ednmi?\",\"type\":\"starrating\",\"label_pos\":\"above\",\"default\":\"\",\"number_of_stars\":5,\"required\":1,\"container_class\":\"\",\"element_class\":\"\",\"key\":\"ako_ste_spokojni_s_dodacimi_terminmi_1749613477372\",\"admin_label\":\"\",\"value\":\"\",\"drawerDisabled\":false,\"id\":14,\"beforeField\":\"\",\"afterField\":\"\",\"parentType\":\"starrating\",\"element_templates\":[\"starrating\",\"input\"],\"old_classname\":\"\",\"wrap_template\":\"wrap\"},{\"objectType\":\"Field\",\"objectDomain\":\"fields\",\"editActive\":false,\"order\":5,\"idAttribute\":\"id\",\"label\":\"Ako ste spokojn\\u00ed s cenami?\",\"type\":\"starrating\",\"label_pos\":\"above\",\"default\":\"\",\"number_of_stars\":5,\"required\":1,\"container_class\":\"\",\"element_class\":\"\",\"key\":\"ako_ste_spokojni_s_cenami_1749613498401\",\"admin_label\":\"\",\"value\":\"\",\"drawerDisabled\":false,\"id\":15,\"beforeField\":\"\",\"afterField\":\"\",\"parentType\":\"starrating\",\"element_templates\":[\"starrating\",\"input\"],\"old_classname\":\"\",\"wrap_template\":\"wrap\"},{\"objectType\":\"Field\",\"objectDomain\":\"fields\",\"editActive\":false,\"order\":8,\"idAttribute\":\"id\",\"type\":\"textarea\",\"label\":\"Va\\u0161a recenzia:\",\"key\":\"vasa_recenzia_1749613537834\",\"label_pos\":\"above\",\"required\":\"\",\"default\":\"\",\"placeholder\":\"\",\"container_class\":\"\",\"element_class\":\"\",\"input_limit\":\"\",\"input_limit_type\":\"characters\",\"input_limit_msg\":\"Character(s) left\",\"manual_key\":\"\",\"admin_label\":\"\",\"help_text\":\"\",\"textarea_rte\":\"\",\"disable_rte_mobile\":\"\",\"textarea_media\":\"\",\"drawerDisabled\":false,\"field_label\":\"Any additional feedback?\",\"field_key\":\"any_additional_feedback_1523909589340\",\"value\":\"\",\"id\":10,\"beforeField\":\"\",\"afterField\":\"\",\"parentType\":\"textarea\",\"element_templates\":[\"textarea\",\"input\"],\"old_classname\":\"\",\"wrap_template\":\"wrap\"},{\"objectType\":\"Field\",\"objectDomain\":\"fields\",\"editActive\":false,\"order\":9,\"idAttribute\":\"id\",\"type\":\"submit\",\"label\":\"Odosla\\u0165\",\"processing_label\":\"Odosielam\",\"container_class\":\"\",\"element_class\":\"\",\"key\":\"odoslat_1749697383542\",\"field_label\":\"Submit\",\"field_key\":\"submit_1523909373360\",\"admin_label\":\"\",\"drawerDisabled\":false,\"id\":11,\"beforeField\":\"\",\"afterField\":\"\",\"value\":\"\",\"label_pos\":\"above\",\"parentType\":\"textbox\",\"element_templates\":[\"submit\",\"button\",\"input\"],\"old_classname\":\"\",\"wrap_template\":\"wrap-no-label\"},{\"objectType\":\"Field\",\"objectDomain\":\"fields\",\"editActive\":false,\"order\":\"9.0\",\"type\":\"recaptcha_v3\",\"label\":\"Hidden\",\"key\":\"recaptcha_v3\",\"default\":\"\",\"admin_label\":\"\",\"drawerDisabled\":false,\"id\":\"48446\",\"beforeField\":\"\",\"afterField\":\"\",\"value\":\"\",\"label_pos\":\"above\",\"parentType\":\"hidden\",\"element_templates\":[\"recaptcha-v3\",\"hidden\",\"input\"],\"old_classname\":\"\",\"wrap_template\":\"wrap-no-label\",\"site_key\":\"6LdW2CkqAAAAAL0Kgt1Yet86HseZOS439CDuHu4i\"}];nfForms.push(form);<\/script>\n        \n<\/div><\/section><\/div><div class=\"flex_column av_one_fifth  flex_column_div av-zero-column-padding   avia-builder-el-5  el_after_av_three_fifth  avia-builder-el-last  column-top-margin\" style='border-radius:0px; '><\/div><\/p>\n","protected":false},"excerpt":{"rendered":"","protected":false},"author":1,"featured_media":10971,"parent":0,"menu_order":0,"comment_status":"closed","ping_status":"closed","template":"","meta":{"footnotes":""},"class_list":["post-11038","page","type-page","status-publish","has-post-thumbnail","hentry"],"yoast_head":"<!-- This site is optimized with the Yoast SEO plugin v20.2.1 - https:\/\/yoast.com\/wordpress\/plugins\/seo\/ -->\n<title>Review - OM Trading - Lo\u017eisk\u00e1 a komponenty pre priemysel.<\/title>\n<meta name=\"robots\" content=\"index, follow, max-snippet:-1, max-image-preview:large, max-video-preview:-1\" \/>\n<link rel=\"canonical\" href=\"https:\/\/www.omtrading.sk\/?page_id=11038\" \/>\n<meta property=\"og:locale\" content=\"sk_SK\" \/>\n<meta property=\"og:type\" content=\"article\" \/>\n<meta property=\"og:title\" content=\"Review - OM Trading - Lo\u017eisk\u00e1 a komponenty pre priemysel.\" \/>\n<meta property=\"og:url\" content=\"https:\/\/www.omtrading.sk\/?page_id=11038\" \/>\n<meta property=\"og:site_name\" content=\"OM Trading - Lo\u017eisk\u00e1 a komponenty pre priemysel.\" \/>\n<meta property=\"article:modified_time\" content=\"2025-06-12T03:06:44+00:00\" \/>\n<meta property=\"og:image\" content=\"https:\/\/www.omtrading.sk\/wp-content\/uploads\/2023\/06\/lozisko-2-envato.png\" \/>\n\t<meta property=\"og:image:width\" content=\"1200\" \/>\n\t<meta property=\"og:image:height\" content=\"600\" \/>\n\t<meta property=\"og:image:type\" content=\"image\/png\" \/>\n<meta name=\"twitter:card\" content=\"summary_large_image\" \/>\n<meta name=\"twitter:label1\" content=\"Predpokladan\u00fd \u010das \u010d\u00edtania\" \/>\n\t<meta name=\"twitter:data1\" content=\"1 min\u00fata\" \/>\n<script type=\"application\/ld+json\" class=\"yoast-schema-graph\">{\"@context\":\"https:\/\/schema.org\",\"@graph\":[{\"@type\":\"WebPage\",\"@id\":\"https:\/\/www.omtrading.sk\/?page_id=11038\",\"url\":\"https:\/\/www.omtrading.sk\/?page_id=11038\",\"name\":\"Review - OM Trading - Lo\u017eisk\u00e1 a komponenty pre priemysel.\",\"isPartOf\":{\"@id\":\"https:\/\/www.omtrading.sk\/#website\"},\"datePublished\":\"2025-06-11T03:50:48+00:00\",\"dateModified\":\"2025-06-12T03:06:44+00:00\",\"inLanguage\":\"sk-SK\",\"potentialAction\":[{\"@type\":\"ReadAction\",\"target\":[\"https:\/\/www.omtrading.sk\/?page_id=11038\"]}]},{\"@type\":\"WebSite\",\"@id\":\"https:\/\/www.omtrading.sk\/#website\",\"url\":\"https:\/\/www.omtrading.sk\/\",\"name\":\"OM Trading - Lo\u017eisk\u00e1 a komponenty pre priemysel.\",\"description\":\"\",\"potentialAction\":[{\"@type\":\"SearchAction\",\"target\":{\"@type\":\"EntryPoint\",\"urlTemplate\":\"https:\/\/www.omtrading.sk\/?s={search_term_string}\"},\"query-input\":\"required name=search_term_string\"}],\"inLanguage\":\"sk-SK\"}]}<\/script>\n<!-- \/ Yoast SEO plugin. -->","yoast_head_json":{"title":"Review - OM Trading - Lo\u017eisk\u00e1 a komponenty pre priemysel.","robots":{"index":"index","follow":"follow","max-snippet":"max-snippet:-1","max-image-preview":"max-image-preview:large","max-video-preview":"max-video-preview:-1"},"canonical":"https:\/\/www.omtrading.sk\/?page_id=11038","og_locale":"sk_SK","og_type":"article","og_title":"Review - OM Trading - Lo\u017eisk\u00e1 a komponenty pre priemysel.","og_url":"https:\/\/www.omtrading.sk\/?page_id=11038","og_site_name":"OM Trading - Lo\u017eisk\u00e1 a komponenty pre priemysel.","article_modified_time":"2025-06-12T03:06:44+00:00","og_image":[{"width":1200,"height":600,"url":"https:\/\/www.omtrading.sk\/wp-content\/uploads\/2023\/06\/lozisko-2-envato.png","type":"image\/png"}],"twitter_card":"summary_large_image","twitter_misc":{"Predpokladan\u00fd \u010das \u010d\u00edtania":"1 min\u00fata"},"schema":{"@context":"https:\/\/schema.org","@graph":[{"@type":"WebPage","@id":"https:\/\/www.omtrading.sk\/?page_id=11038","url":"https:\/\/www.omtrading.sk\/?page_id=11038","name":"Review - OM Trading - Lo\u017eisk\u00e1 a komponenty pre priemysel.","isPartOf":{"@id":"https:\/\/www.omtrading.sk\/#website"},"datePublished":"2025-06-11T03:50:48+00:00","dateModified":"2025-06-12T03:06:44+00:00","inLanguage":"sk-SK","potentialAction":[{"@type":"ReadAction","target":["https:\/\/www.omtrading.sk\/?page_id=11038"]}]},{"@type":"WebSite","@id":"https:\/\/www.omtrading.sk\/#website","url":"https:\/\/www.omtrading.sk\/","name":"OM Trading - Lo\u017eisk\u00e1 a komponenty pre priemysel.","description":"","potentialAction":[{"@type":"SearchAction","target":{"@type":"EntryPoint","urlTemplate":"https:\/\/www.omtrading.sk\/?s={search_term_string}"},"query-input":"required name=search_term_string"}],"inLanguage":"sk-SK"}]}},"_links":{"self":[{"href":"https:\/\/www.omtrading.sk\/index.php?rest_route=\/wp\/v2\/pages\/11038","targetHints":{"allow":["GET"]}}],"collection":[{"href":"https:\/\/www.omtrading.sk\/index.php?rest_route=\/wp\/v2\/pages"}],"about":[{"href":"https:\/\/www.omtrading.sk\/index.php?rest_route=\/wp\/v2\/types\/page"}],"author":[{"embeddable":true,"href":"https:\/\/www.omtrading.sk\/index.php?rest_route=\/wp\/v2\/users\/1"}],"replies":[{"embeddable":true,"href":"https:\/\/www.omtrading.sk\/index.php?rest_route=%2Fwp%2Fv2%2Fcomments&post=11038"}],"version-history":[{"count":6,"href":"https:\/\/www.omtrading.sk\/index.php?rest_route=\/wp\/v2\/pages\/11038\/revisions"}],"predecessor-version":[{"id":11058,"href":"https:\/\/www.omtrading.sk\/index.php?rest_route=\/wp\/v2\/pages\/11038\/revisions\/11058"}],"wp:featuredmedia":[{"embeddable":true,"href":"https:\/\/www.omtrading.sk\/index.php?rest_route=\/wp\/v2\/media\/10971"}],"wp:attachment":[{"href":"https:\/\/www.omtrading.sk\/index.php?rest_route=%2Fwp%2Fv2%2Fmedia&parent=11038"}],"curies":[{"name":"wp","href":"https:\/\/api.w.org\/{rel}","templated":true}]}}