{"id":10713,"date":"2023-06-28T11:40:20","date_gmt":"2023-06-28T09:40:20","guid":{"rendered":"http:\/\/www.omtrading.sk\/?page_id=10713"},"modified":"2025-06-12T05:36:51","modified_gmt":"2025-06-12T03:36:51","slug":"hodnotenie","status":"publish","type":"page","link":"https:\/\/www.omtrading.sk\/?page_id=10713","title":{"rendered":"Recenzie"},"content":{"rendered":"<div class=\"flex_column av_one_full  flex_column_div av-zero-column-padding first  avia-builder-el-0  el_before_av_one_full  avia-builder-el-first  \" style='border-radius:0px; '><section class=\"av_textblock_section \"  itemscope=\"itemscope\" itemtype=\"https:\/\/schema.org\/CreativeWork\" ><div class='avia_textblock  '   itemprop=\"text\" ><h1>Recenzie na na\u0161e slu\u017eby a produkty<\/h1>\n<\/div><\/section><br \/>\n<section class=\"av_textblock_section \"  itemscope=\"itemscope\" itemtype=\"https:\/\/schema.org\/CreativeWork\" ><div class='avia_textblock  '   itemprop=\"text\" ><p>Neust\u00e1le pracujeme na skvalit\u0148ovan\u00ed na\u0161ich produktov a slu\u017eieb. V\u00e1\u0161 n\u00e1zor je pre n\u00e1s d\u00f4le\u017eit\u00fd.<\/p>\n<\/div><\/section><br \/>\n<div class='avia-button-wrap avia-button-left  avia-builder-el-3  el_after_av_textblock  avia-builder-el-last '><a href='https:\/\/www.omtrading.sk\/?page_id=11038'  class='avia-button   avia-icon_select-yes-left-icon avia-color-theme-color avia-size-medium avia-position-left '   ><span class='avia_button_icon avia_button_icon_left ' aria-hidden='true' data-av_icon='\ue836' data-av_iconfont='entypo-fontello'><\/span><span class='avia_iconbox_title' >Nap\u00edsa\u0165 recenziu<\/span><\/a><\/div><\/p><\/div>\n<div class=\"flex_column av_one_full  flex_column_div av-zero-column-padding first  avia-builder-el-4  el_after_av_one_full  avia-builder-el-last  column-top-margin\" style='border-radius:0px; '><section class=\"av_textblock_section \"  itemscope=\"itemscope\" itemtype=\"https:\/\/schema.org\/CreativeWork\" ><div class='avia_textblock  '   itemprop=\"text\" ><div class=\"nf-view nf-view-type-list view-theme-cards-2column nf-view-11052\"><div class=\"pure-g nf-view-row\"><div class=\" nf-view-col pure-u-1 pure-u-md-1\"><\/div><\/div> <div class=\"nf-views-11052-cont nf-views-cont cards cards-2column\"><div class=\"nf-views-sub-cont\"><div class=\"pure-g nf-view-row\"><div class=\" nf-view-col pure-u-1 pure-u-md-1\"><div style=\"width:auto\"  class=\"nf-view-field-cont  field-6 \"><div class=\"nf-view-field-label\">Meno a priezvisko<\/div><div class=\"nf-view-field-value nf-view-field-type-lastname-value\">Jarom\u00edr Fal\u00e1t<\/div><\/div><div style=\"width:auto\"  class=\"nf-view-field-cont  field-12 \"><div class=\"nf-view-field-label\">Ako ste spokojn\u00ed s komunik\u00e1ciou na\u0161ich zamestnancov?<\/div><div class=\"nf-view-field-value nf-view-field-type-starrating-value\"><div class=\"stars\"><span class=\"star fullStar\"><\/span><span class=\"star fullStar\"><\/span><span class=\"star fullStar\"><\/span><span class=\"star fullStar\"><\/span><span class=\"star fullStar\"><\/span><\/div><\/div><\/div><div style=\"width:auto\"  class=\"nf-view-field-cont  field-13 \"><div class=\"nf-view-field-label\">Ako ste spokojn\u00ed s kvalitou na\u0161ich v\u00fdrobkov a slu\u017eieb?<\/div><div class=\"nf-view-field-value nf-view-field-type-starrating-value\"><div class=\"stars\"><span class=\"star fullStar\"><\/span><span class=\"star fullStar\"><\/span><span class=\"star fullStar\"><\/span><span class=\"star fullStar\"><\/span><span class=\"star fullStar\"><\/span><\/div><\/div><\/div><div style=\"width:auto\"  class=\"nf-view-field-cont  field-14 \"><div class=\"nf-view-field-label\">Ako ste spokojn\u00ed s dodac\u00edmi term\u00ednmi?<\/div><div class=\"nf-view-field-value nf-view-field-type-starrating-value\"><div class=\"stars\"><span class=\"star fullStar\"><\/span><span class=\"star fullStar\"><\/span><span class=\"star fullStar\"><\/span><span class=\"star fullStar\"><\/span><\/div><\/div><\/div><div style=\"width:auto\"  class=\"nf-view-field-cont  field-15 \"><div class=\"nf-view-field-label\">Ako ste spokojn\u00ed s cenami?<\/div><div class=\"nf-view-field-value nf-view-field-type-starrating-value\"><div class=\"stars\"><span class=\"star fullStar\"><\/span><span class=\"star fullStar\"><\/span><span class=\"star fullStar\"><\/span><span class=\"star fullStar\"><\/span><\/div><\/div><\/div><div style=\"width:auto\"  class=\"nf-view-field-cont  field-10 \"><div class=\"nf-view-field-label\">Va\u0161a recenzia:<\/div><div class=\"nf-view-field-value nf-view-field-type-textarea-value\">Dobr\u00e1 spolupr\u00e1ca, v\u00fdborn\u00e1 komunik\u00e1cia<\/div><\/div><\/div><\/div><\/div><div class=\"nf-views-sub-cont\"><div class=\"pure-g nf-view-row\"><div class=\" nf-view-col pure-u-1 pure-u-md-1\"><div style=\"width:auto\"  class=\"nf-view-field-cont  field-6 \"><div class=\"nf-view-field-label\">Meno a priezvisko<\/div><div class=\"nf-view-field-value nf-view-field-type-lastname-value\">Maria Oravcov\u00e1<\/div><\/div><div style=\"width:auto\"  class=\"nf-view-field-cont  field-12 \"><div class=\"nf-view-field-label\">Ako ste spokojn\u00ed s komunik\u00e1ciou na\u0161ich zamestnancov?<\/div><div class=\"nf-view-field-value nf-view-field-type-starrating-value\"><div class=\"stars\"><span class=\"star fullStar\"><\/span><span class=\"star fullStar\"><\/span><span class=\"star fullStar\"><\/span><span class=\"star fullStar\"><\/span><span class=\"star fullStar\"><\/span><\/div><\/div><\/div><div style=\"width:auto\"  class=\"nf-view-field-cont  field-13 \"><div class=\"nf-view-field-label\">Ako ste spokojn\u00ed s kvalitou na\u0161ich v\u00fdrobkov a slu\u017eieb?<\/div><div class=\"nf-view-field-value nf-view-field-type-starrating-value\"><div class=\"stars\"><span class=\"star fullStar\"><\/span><span class=\"star fullStar\"><\/span><span class=\"star fullStar\"><\/span><span class=\"star fullStar\"><\/span><span class=\"star fullStar\"><\/span><\/div><\/div><\/div><div style=\"width:auto\"  class=\"nf-view-field-cont  field-14 \"><div class=\"nf-view-field-label\">Ako ste spokojn\u00ed s dodac\u00edmi term\u00ednmi?<\/div><div class=\"nf-view-field-value nf-view-field-type-starrating-value\"><div class=\"stars\"><span class=\"star fullStar\"><\/span><span class=\"star fullStar\"><\/span><span class=\"star fullStar\"><\/span><span class=\"star fullStar\"><\/span><span class=\"star fullStar\"><\/span><\/div><\/div><\/div><div style=\"width:auto\"  class=\"nf-view-field-cont  field-15 \"><div class=\"nf-view-field-label\">Ako ste spokojn\u00ed s cenami?<\/div><div class=\"nf-view-field-value nf-view-field-type-starrating-value\"><div class=\"stars\"><span class=\"star fullStar\"><\/span><span class=\"star fullStar\"><\/span><span class=\"star fullStar\"><\/span><span class=\"star fullStar\"><\/span><span class=\"star fullStar\"><\/span><\/div><\/div><\/div><div style=\"width:auto\"  class=\"nf-view-field-cont  field-10 \"><div class=\"nf-view-field-label\">Va\u0161a recenzia:<\/div><div class=\"nf-view-field-value nf-view-field-type-textarea-value\"><\/div><\/div><\/div><\/div><\/div><div class=\"nf-views-sub-cont\"><div class=\"pure-g nf-view-row\"><div class=\" nf-view-col pure-u-1 pure-u-md-1\"><div style=\"width:auto\"  class=\"nf-view-field-cont  field-6 \"><div class=\"nf-view-field-label\">Meno a priezvisko<\/div><div class=\"nf-view-field-value nf-view-field-type-lastname-value\">Varga Teodor<\/div><\/div><div style=\"width:auto\"  class=\"nf-view-field-cont  field-12 \"><div class=\"nf-view-field-label\">Ako ste spokojn\u00ed s komunik\u00e1ciou na\u0161ich zamestnancov?<\/div><div class=\"nf-view-field-value nf-view-field-type-starrating-value\"><div class=\"stars\"><span class=\"star fullStar\"><\/span><span class=\"star fullStar\"><\/span><span class=\"star fullStar\"><\/span><span class=\"star fullStar\"><\/span><span class=\"star fullStar\"><\/span><\/div><\/div><\/div><div style=\"width:auto\"  class=\"nf-view-field-cont  field-13 \"><div class=\"nf-view-field-label\">Ako ste spokojn\u00ed s kvalitou na\u0161ich v\u00fdrobkov a slu\u017eieb?<\/div><div class=\"nf-view-field-value nf-view-field-type-starrating-value\"><div class=\"stars\"><span class=\"star fullStar\"><\/span><span class=\"star fullStar\"><\/span><span class=\"star fullStar\"><\/span><span class=\"star fullStar\"><\/span><span class=\"star fullStar\"><\/span><\/div><\/div><\/div><div style=\"width:auto\"  class=\"nf-view-field-cont  field-14 \"><div class=\"nf-view-field-label\">Ako ste spokojn\u00ed s dodac\u00edmi term\u00ednmi?<\/div><div class=\"nf-view-field-value nf-view-field-type-starrating-value\"><div class=\"stars\"><span class=\"star fullStar\"><\/span><span class=\"star fullStar\"><\/span><span class=\"star fullStar\"><\/span><span class=\"star fullStar\"><\/span><span class=\"star fullStar\"><\/span><\/div><\/div><\/div><div style=\"width:auto\"  class=\"nf-view-field-cont  field-15 \"><div class=\"nf-view-field-label\">Ako ste spokojn\u00ed s cenami?<\/div><div class=\"nf-view-field-value nf-view-field-type-starrating-value\"><div class=\"stars\"><span class=\"star fullStar\"><\/span><span class=\"star fullStar\"><\/span><span class=\"star fullStar\"><\/span><span class=\"star fullStar\"><\/span><span class=\"star fullStar\"><\/span><\/div><\/div><\/div><div style=\"width:auto\"  class=\"nf-view-field-cont  field-10 \"><div class=\"nf-view-field-label\">Va\u0161a recenzia:<\/div><div class=\"nf-view-field-value nf-view-field-type-textarea-value\">V\u0161etko v poriadku, spo\u013eahlivos\u0165.<\/div><\/div><\/div><\/div><\/div><div class=\"nf-views-sub-cont\"><div class=\"pure-g nf-view-row\"><div class=\" nf-view-col pure-u-1 pure-u-md-1\"><div style=\"width:auto\"  class=\"nf-view-field-cont  field-6 \"><div class=\"nf-view-field-label\">Meno a priezvisko<\/div><div class=\"nf-view-field-value nf-view-field-type-lastname-value\">Dagmar B.<\/div><\/div><div style=\"width:auto\"  class=\"nf-view-field-cont  field-12 \"><div class=\"nf-view-field-label\">Ako ste spokojn\u00ed s komunik\u00e1ciou na\u0161ich zamestnancov?<\/div><div class=\"nf-view-field-value nf-view-field-type-starrating-value\"><div class=\"stars\"><span class=\"star fullStar\"><\/span><span class=\"star fullStar\"><\/span><span class=\"star fullStar\"><\/span><span class=\"star fullStar\"><\/span><span class=\"star fullStar\"><\/span><\/div><\/div><\/div><div style=\"width:auto\"  class=\"nf-view-field-cont  field-13 \"><div class=\"nf-view-field-label\">Ako ste spokojn\u00ed s kvalitou na\u0161ich v\u00fdrobkov a slu\u017eieb?<\/div><div class=\"nf-view-field-value nf-view-field-type-starrating-value\"><div class=\"stars\"><span class=\"star fullStar\"><\/span><span class=\"star fullStar\"><\/span><span class=\"star fullStar\"><\/span><span class=\"star fullStar\"><\/span><span class=\"star fullStar\"><\/span><\/div><\/div><\/div><div style=\"width:auto\"  class=\"nf-view-field-cont  field-14 \"><div class=\"nf-view-field-label\">Ako ste spokojn\u00ed s dodac\u00edmi term\u00ednmi?<\/div><div class=\"nf-view-field-value nf-view-field-type-starrating-value\"><div class=\"stars\"><span class=\"star fullStar\"><\/span><span class=\"star fullStar\"><\/span><span class=\"star fullStar\"><\/span><span class=\"star fullStar\"><\/span><span class=\"star fullStar\"><\/span><\/div><\/div><\/div><div style=\"width:auto\"  class=\"nf-view-field-cont  field-15 \"><div class=\"nf-view-field-label\">Ako ste spokojn\u00ed s cenami?<\/div><div class=\"nf-view-field-value nf-view-field-type-starrating-value\"><div class=\"stars\"><span class=\"star fullStar\"><\/span><span class=\"star fullStar\"><\/span><span class=\"star fullStar\"><\/span><span class=\"star fullStar\"><\/span><\/div><\/div><\/div><div style=\"width:auto\"  class=\"nf-view-field-cont  field-10 \"><div class=\"nf-view-field-label\">Va\u0161a recenzia:<\/div><div class=\"nf-view-field-value nf-view-field-type-textarea-value\">R\u00fdchle dodanie, v\u017edy ochotn\u00e1 a profesion\u00e1lna komunik\u00e1cia.<\/div><\/div><\/div><\/div><\/div><\/div><\/div>\n<\/div><\/section><\/div>\n","protected":false},"excerpt":{"rendered":"","protected":false},"author":1,"featured_media":10961,"parent":0,"menu_order":0,"comment_status":"closed","ping_status":"closed","template":"","meta":{"footnotes":""},"class_list":["post-10713","page","type-page","status-publish","has-post-thumbnail","hentry"],"yoast_head":"<!-- This site is optimized with the Yoast SEO plugin v20.2.1 - https:\/\/yoast.com\/wordpress\/plugins\/seo\/ -->\n<title>Recenzie - OM Trading - Lo\u017eisk\u00e1 a komponenty pre priemysel.<\/title>\n<meta name=\"robots\" content=\"index, follow, max-snippet:-1, max-image-preview:large, max-video-preview:-1\" \/>\n<link rel=\"canonical\" href=\"https:\/\/www.omtrading.sk\/?page_id=10713\" \/>\n<meta property=\"og:locale\" content=\"sk_SK\" \/>\n<meta property=\"og:type\" content=\"article\" \/>\n<meta property=\"og:title\" content=\"Recenzie - OM Trading - Lo\u017eisk\u00e1 a komponenty pre priemysel.\" \/>\n<meta property=\"og:url\" content=\"https:\/\/www.omtrading.sk\/?page_id=10713\" \/>\n<meta property=\"og:site_name\" content=\"OM Trading - Lo\u017eisk\u00e1 a komponenty pre priemysel.\" \/>\n<meta property=\"article:modified_time\" content=\"2025-06-12T03:36:51+00:00\" \/>\n<meta property=\"og:image\" content=\"https:\/\/www.omtrading.sk\/wp-content\/uploads\/2011\/12\/keramicke.jpg\" \/>\n\t<meta property=\"og:image:width\" content=\"1200\" \/>\n\t<meta property=\"og:image:height\" content=\"600\" \/>\n\t<meta property=\"og:image:type\" content=\"image\/jpeg\" \/>\n<meta name=\"twitter:card\" content=\"summary_large_image\" \/>\n<meta name=\"twitter:label1\" content=\"Predpokladan\u00fd \u010das \u010d\u00edtania\" \/>\n\t<meta name=\"twitter:data1\" content=\"1 min\u00fata\" \/>\n<script type=\"application\/ld+json\" class=\"yoast-schema-graph\">{\"@context\":\"https:\/\/schema.org\",\"@graph\":[{\"@type\":\"WebPage\",\"@id\":\"https:\/\/www.omtrading.sk\/?page_id=10713\",\"url\":\"https:\/\/www.omtrading.sk\/?page_id=10713\",\"name\":\"Recenzie - OM Trading - Lo\u017eisk\u00e1 a komponenty pre priemysel.\",\"isPartOf\":{\"@id\":\"https:\/\/www.omtrading.sk\/#website\"},\"datePublished\":\"2023-06-28T09:40:20+00:00\",\"dateModified\":\"2025-06-12T03:36:51+00:00\",\"inLanguage\":\"sk-SK\",\"potentialAction\":[{\"@type\":\"ReadAction\",\"target\":[\"https:\/\/www.omtrading.sk\/?page_id=10713\"]}]},{\"@type\":\"WebSite\",\"@id\":\"https:\/\/www.omtrading.sk\/#website\",\"url\":\"https:\/\/www.omtrading.sk\/\",\"name\":\"OM Trading - Lo\u017eisk\u00e1 a komponenty pre priemysel.\",\"description\":\"\",\"potentialAction\":[{\"@type\":\"SearchAction\",\"target\":{\"@type\":\"EntryPoint\",\"urlTemplate\":\"https:\/\/www.omtrading.sk\/?s={search_term_string}\"},\"query-input\":\"required name=search_term_string\"}],\"inLanguage\":\"sk-SK\"}]}<\/script>\n<!-- \/ Yoast SEO plugin. -->","yoast_head_json":{"title":"Recenzie - OM Trading - Lo\u017eisk\u00e1 a komponenty pre priemysel.","robots":{"index":"index","follow":"follow","max-snippet":"max-snippet:-1","max-image-preview":"max-image-preview:large","max-video-preview":"max-video-preview:-1"},"canonical":"https:\/\/www.omtrading.sk\/?page_id=10713","og_locale":"sk_SK","og_type":"article","og_title":"Recenzie - OM Trading - Lo\u017eisk\u00e1 a komponenty pre priemysel.","og_url":"https:\/\/www.omtrading.sk\/?page_id=10713","og_site_name":"OM Trading - Lo\u017eisk\u00e1 a komponenty pre priemysel.","article_modified_time":"2025-06-12T03:36:51+00:00","og_image":[{"width":1200,"height":600,"url":"https:\/\/www.omtrading.sk\/wp-content\/uploads\/2011\/12\/keramicke.jpg","type":"image\/jpeg"}],"twitter_card":"summary_large_image","twitter_misc":{"Predpokladan\u00fd \u010das \u010d\u00edtania":"1 min\u00fata"},"schema":{"@context":"https:\/\/schema.org","@graph":[{"@type":"WebPage","@id":"https:\/\/www.omtrading.sk\/?page_id=10713","url":"https:\/\/www.omtrading.sk\/?page_id=10713","name":"Recenzie - OM Trading - Lo\u017eisk\u00e1 a komponenty pre priemysel.","isPartOf":{"@id":"https:\/\/www.omtrading.sk\/#website"},"datePublished":"2023-06-28T09:40:20+00:00","dateModified":"2025-06-12T03:36:51+00:00","inLanguage":"sk-SK","potentialAction":[{"@type":"ReadAction","target":["https:\/\/www.omtrading.sk\/?page_id=10713"]}]},{"@type":"WebSite","@id":"https:\/\/www.omtrading.sk\/#website","url":"https:\/\/www.omtrading.sk\/","name":"OM Trading - Lo\u017eisk\u00e1 a komponenty pre priemysel.","description":"","potentialAction":[{"@type":"SearchAction","target":{"@type":"EntryPoint","urlTemplate":"https:\/\/www.omtrading.sk\/?s={search_term_string}"},"query-input":"required name=search_term_string"}],"inLanguage":"sk-SK"}]}},"_links":{"self":[{"href":"https:\/\/www.omtrading.sk\/index.php?rest_route=\/wp\/v2\/pages\/10713","targetHints":{"allow":["GET"]}}],"collection":[{"href":"https:\/\/www.omtrading.sk\/index.php?rest_route=\/wp\/v2\/pages"}],"about":[{"href":"https:\/\/www.omtrading.sk\/index.php?rest_route=\/wp\/v2\/types\/page"}],"author":[{"embeddable":true,"href":"https:\/\/www.omtrading.sk\/index.php?rest_route=\/wp\/v2\/users\/1"}],"replies":[{"embeddable":true,"href":"https:\/\/www.omtrading.sk\/index.php?rest_route=%2Fwp%2Fv2%2Fcomments&post=10713"}],"version-history":[{"count":6,"href":"https:\/\/www.omtrading.sk\/index.php?rest_route=\/wp\/v2\/pages\/10713\/revisions"}],"predecessor-version":[{"id":11073,"href":"https:\/\/www.omtrading.sk\/index.php?rest_route=\/wp\/v2\/pages\/10713\/revisions\/11073"}],"wp:featuredmedia":[{"embeddable":true,"href":"https:\/\/www.omtrading.sk\/index.php?rest_route=\/wp\/v2\/media\/10961"}],"wp:attachment":[{"href":"https:\/\/www.omtrading.sk\/index.php?rest_route=%2Fwp%2Fv2%2Fmedia&parent=10713"}],"curies":[{"name":"wp","href":"https:\/\/api.w.org\/{rel}","templated":true}]}}